{"id":634,"date":"2025-12-03T12:33:04","date_gmt":"2025-12-03T12:33:04","guid":{"rendered":"https:\/\/innovationcircle-berg.de\/?page_id=634"},"modified":"2025-12-15T12:49:39","modified_gmt":"2025-12-15T12:49:39","slug":"home-em","status":"publish","type":"page","link":"https:\/\/innovationcircle-berg.de\/","title":{"rendered":"Home"},"content":{"rendered":"\t\t<div data-elementor-type=\"wp-page\" data-elementor-id=\"634\" class=\"elementor elementor-634\" data-elementor-post-type=\"page\">\n\t\t\t\t<div class=\"elementor-element elementor-element-3a21953 e-con-full e-flex e-con e-parent\" data-id=\"3a21953\" data-element_type=\"container\" data-settings=\"{&quot;background_background&quot;:&quot;classic&quot;}\">\n\t\t<div class=\"elementor-element elementor-element-1e28c8c e-con-full e-flex e-con e-child\" data-id=\"1e28c8c\" data-element_type=\"container\" data-settings=\"{&quot;background_background&quot;:&quot;classic&quot;}\">\n\t\t\t\t<\/div>\n\t\t\t\t<\/div>\n\t\t<div class=\"elementor-element elementor-element-093b261 e-flex e-con-boxed e-con e-parent\" data-id=\"093b261\" data-element_type=\"container\">\n\t\t\t\t\t<div class=\"e-con-inner\">\n\t\t<div class=\"elementor-element elementor-element-826ef5b e-con-full e-flex e-con e-child\" data-id=\"826ef5b\" data-element_type=\"container\">\n\t\t\t\t<div class=\"elementor-element elementor-element-0fb9287 elementor-widget__width-initial elementor-widget elementor-widget-heading\" data-id=\"0fb9287\" data-element_type=\"widget\" data-widget_type=\"heading.default\">\n\t\t\t\t\t<h2 class=\"elementor-heading-title elementor-size-default\">Vortr\u00e4ge, Gespr\u00e4che &amp; Inspiration im Berger Marstall<\/h2>\t\t\t\t<\/div>\n\t\t\t\t<div class=\"elementor-element elementor-element-f7252ac elementor-widget elementor-widget-text-editor\" data-id=\"f7252ac\" data-element_type=\"widget\" data-widget_type=\"text-editor.default\">\n\t\t\t\t\t\t\t\t\t<p>Alles ist im Wandel \u2013 das war nat\u00fcrlich schon immer so, aber das Tempo und die daraus resultierenden M\u00f6glichkeiten sind neu. Anhand von ausgesuchten Beispielen wollen wir mit Euch in die Themen Ver\u00e4nderung und Innovation, Transformation und Alteration eintauchen.\u00a0<\/p><p>In einem selektierten Kreis aus Freunden und Partnern treffen wir uns im Marstall \u2013 einem der sch\u00f6nsten Orte am Starnberger See und zugleich unser kreatives Zuhause.<\/p><p>Gemeinsam mit unseren Verb\u00fcndeten aus Gastronomie und Unterhaltung sorgen wir f\u00fcr eine entspannte Atmosph\u00e4re, in der wir nicht nur diskutieren und uns austauschen, sondern auch genie\u00dfen k\u00f6nnen.<\/p>\t\t\t\t\t\t\t\t<\/div>\n\t\t\t\t<\/div>\n\t\t\t\t\t<\/div>\n\t\t\t\t<\/div>\n\t\t<div class=\"elementor-element elementor-element-b284875 e-flex e-con-boxed e-con e-parent\" data-id=\"b284875\" data-element_type=\"container\">\n\t\t\t\t\t<div class=\"e-con-inner\">\n\t\t<div class=\"elementor-element elementor-element-7eb75ac e-con-full e-flex e-con e-child\" data-id=\"7eb75ac\" data-element_type=\"container\">\n\t\t\t\t<div class=\"elementor-element elementor-element-aa765cc elementor-widget__width-initial elementor-widget elementor-widget-heading\" data-id=\"aa765cc\" data-element_type=\"widget\" data-widget_type=\"heading.default\">\n\t\t\t\t\t<h2 class=\"elementor-heading-title elementor-size-default\">Im Fr\u00fchjahr 2026 geht es weiter<\/h2>\t\t\t\t<\/div>\n\t\t\t\t<div class=\"elementor-element elementor-element-63d83b6 elementor-widget elementor-widget-text-editor\" data-id=\"63d83b6\" data-element_type=\"widget\" data-widget_type=\"text-editor.default\">\n\t\t\t\t\t\t\t\t\t<p>Die Planung f\u00fcr den n\u00e4chsten Berger Innovation Circle laufen bereits, dieser wird voraussichtlich im Fr\u00fchjahr 2026 stattfinden.<\/p><p>Wir freuen uns auf Euch!<\/p>\t\t\t\t\t\t\t\t<\/div>\n\t\t\t\t<\/div>\n\t\t\t\t\t<\/div>\n\t\t\t\t<\/div>\n\t\t<div class=\"elementor-element elementor-element-842bc6c e-con-full e-flex e-con e-parent\" data-id=\"842bc6c\" data-element_type=\"container\" data-settings=\"{&quot;background_background&quot;:&quot;classic&quot;}\">\n\t\t\t\t<\/div>\n\t\t<div class=\"elementor-element elementor-element-71de8eb elementor-hidden-desktop elementor-hidden-tablet elementor-hidden-mobile e-flex e-con-boxed e-con e-parent\" data-id=\"71de8eb\" data-element_type=\"container\">\n\t\t\t\t\t<div class=\"e-con-inner\">\n\t\t<div class=\"elementor-element elementor-element-7959c35 e-con-full e-flex e-con e-child\" data-id=\"7959c35\" data-element_type=\"container\">\n\t\t\t\t<div class=\"elementor-element elementor-element-8b6b610 elementor-widget elementor-widget-heading\" data-id=\"8b6b610\" data-element_type=\"widget\" data-widget_type=\"heading.default\">\n\t\t\t\t\t<h2 class=\"elementor-heading-title elementor-size-default\">programm<\/h2>\t\t\t\t<\/div>\n\t\t<div class=\"elementor-element elementor-element-5d60892 e-con-full e-flex e-con e-child\" data-id=\"5d60892\" data-element_type=\"container\">\n\t\t<div class=\"elementor-element elementor-element-ef0cc71 e-con-full e-flex e-con e-child\" data-id=\"ef0cc71\" data-element_type=\"container\">\n\t\t\t\t<div class=\"elementor-element elementor-element-6bc0a78 elementor-widget elementor-widget-text-editor\" data-id=\"6bc0a78\" data-element_type=\"widget\" data-widget_type=\"text-editor.default\">\n\t\t\t\t\t\t\t\t\t<p><strong>ab 14.00<\/strong><br \/><strong>15.00 \u2013 15.15<\/strong><\/p><p><strong>15.30 \u2013 17.00<\/strong><\/p>\t\t\t\t\t\t\t\t<\/div>\n\t\t\t\t<\/div>\n\t\t<div class=\"elementor-element elementor-element-fd5a161 e-con-full e-flex e-con e-child\" data-id=\"fd5a161\" data-element_type=\"container\">\n\t\t\t\t<div class=\"elementor-element elementor-element-2feb290 elementor-widget elementor-widget-text-editor\" data-id=\"2feb290\" data-element_type=\"widget\" data-widget_type=\"text-editor.default\">\n\t\t\t\t\t\t\t\t\t<p>Fabian Lechner: Der Winter nach dem Schnee. Von Imagearbeit zu Vertriebserfolg, von Wintersicherheit zu KI-gest\u00fctzter Flexibilit\u00e4t.<\/p><p>Impulsvortr\u00e4ge<\/p><p>Wandel im Tourismus<br \/>Fabian Lechner: Der Winter nach dem Schnee. Von Imagearbeit zu Vertriebserfolg, von Wintersicherheit zu KI-gest\u00fctzter Flexibilit\u00e4t.<\/p><p>Transformation im Hospitality-Sektor<br \/>Lukas Schiller: Chancen ergreifen, Wandel gestalten<\/p><p><strong>Human in the loop<\/strong><br \/>Xaver Bodend\u00f6rfer: KI im Kreativprozess \u2013 Erkenntnisse und Einblicke<\/p><p><strong>Private Market Investing for Everyone<\/strong><br \/>Ginette Oebel und Sven Thoenes: Insights in eine der ersten Mittelstands-Securitization Plattformen Deutschlands<\/p><p><strong>Venture Investing und Company Building in Zeiten des Wandels<\/strong><br \/>Luca Strehle: Von Start-ups zu Venture Investing zu Private Equity<\/p><p><strong>Transformation bei \u00f6ffentlichen Infrastrukturen<\/strong><br \/>Vera Stiffler: Stakeholdermanagement als Schl\u00fcsselerfolgsfaktor bei \u00f6ffentlichen Verkehrsinfrastrukturprojekten am Beispiel Regionalflughafen Samedan im Engadin.<\/p>\t\t\t\t\t\t\t\t<\/div>\n\t\t\t\t<\/div>\n\t\t\t\t<\/div>\n\t\t<div class=\"elementor-element elementor-element-ff27810 e-con-full e-flex e-con e-child\" data-id=\"ff27810\" data-element_type=\"container\">\n\t\t<div class=\"elementor-element elementor-element-e828496 e-con-full e-flex e-con e-child\" data-id=\"e828496\" data-element_type=\"container\">\n\t\t\t\t<div class=\"elementor-element elementor-element-66826ce elementor-widget elementor-widget-text-editor\" data-id=\"66826ce\" data-element_type=\"widget\" data-widget_type=\"text-editor.default\">\n\t\t\t\t\t\t\t\t\t<div class=\"kb-row-layout-wrap kb-row-layout-id31_79775c-48 alignnone programm wp-block-kadence-rowlayout\"><div class=\"kt-row-column-wrap kt-has-2-columns kt-row-layout-right-golden kt-tab-layout-right-golden kt-mobile-layout-row kt-row-valign-top\"><div class=\"wp-block-kadence-column kadence-column31_93c381-0c\"><div class=\"kt-inside-inner-col\"><p><strong>17.00 \u2013 18.00<br \/><\/strong><strong>18.00 \u2013 21.00<\/strong><\/p><\/div><\/div><\/div><\/div>\t\t\t\t\t\t\t\t<\/div>\n\t\t\t\t<\/div>\n\t\t<div class=\"elementor-element elementor-element-29888b4 e-con-full e-flex e-con e-child\" data-id=\"29888b4\" data-element_type=\"container\">\n\t\t\t\t<div class=\"elementor-element elementor-element-fc889f6 elementor-widget elementor-widget-text-editor\" data-id=\"fc889f6\" data-element_type=\"widget\" data-widget_type=\"text-editor.default\">\n\t\t\t\t\t\t\t\t\t<div class=\"kb-row-layout-wrap kb-row-layout-id31_79775c-48 alignnone programm wp-block-kadence-rowlayout\"><div class=\"kt-row-column-wrap kt-has-2-columns kt-row-layout-right-golden kt-tab-layout-right-golden kt-mobile-layout-row kt-row-valign-top\"><div class=\"wp-block-kadence-column kadence-column31_492d7b-ec kb-section-dir-vertical\"><div class=\"kt-inside-inner-col\"><p class=\"kt-adv-heading31_4c7fa3-62 programm wp-block-kadence-advancedheading\" data-kb-block=\"kb-adv-heading31_4c7fa3-62\">Innovationsreise durch den Marstall<br \/>Seid dabei beim Casual Fine Dining at its best in einer der sch\u00f6nsten Locations am Starnberger See.<\/p><\/div><\/div><\/div><\/div>\t\t\t\t\t\t\t\t<\/div>\n\t\t\t\t<\/div>\n\t\t\t\t<\/div>\n\t\t\t\t<\/div>\n\t\t\t\t\t<\/div>\n\t\t\t\t<\/div>\n\t\t<div class=\"elementor-element elementor-element-215cb31 elementor-hidden-desktop elementor-hidden-tablet elementor-hidden-mobile e-flex e-con-boxed e-con e-parent\" data-id=\"215cb31\" data-element_type=\"container\">\n\t\t\t\t\t<div class=\"e-con-inner\">\n\t\t<div class=\"elementor-element elementor-element-a8a8ec3 e-con-full e-flex e-con e-child\" data-id=\"a8a8ec3\" data-element_type=\"container\">\n\t\t\t\t<div class=\"elementor-element elementor-element-8b857c0 elementor-widget elementor-widget-heading\" data-id=\"8b857c0\" data-element_type=\"widget\" data-widget_type=\"heading.default\">\n\t\t\t\t\t<h2 class=\"elementor-heading-title elementor-size-default\">anmeldung<\/h2>\t\t\t\t<\/div>\n\t\t<div class=\"elementor-element elementor-element-ae341b1 e-con-full e-flex e-con e-child\" data-id=\"ae341b1\" data-element_type=\"container\">\n\t\t<div class=\"elementor-element elementor-element-6805f09 e-con-full e-flex e-con e-child\" data-id=\"6805f09\" data-element_type=\"container\">\n\t\t\t\t<div class=\"elementor-element elementor-element-08b5499 elementor-widget elementor-widget-text-editor\" data-id=\"08b5499\" data-element_type=\"widget\" data-widget_type=\"text-editor.default\">\n\t\t\t\t\t\t\t\t\t<p><strong>\u00dcbernachtung<\/strong><\/p>\t\t\t\t\t\t\t\t<\/div>\n\t\t\t\t<\/div>\n\t\t<div class=\"elementor-element elementor-element-e246f30 e-con-full e-flex e-con e-child\" data-id=\"e246f30\" data-element_type=\"container\">\n\t\t\t\t<div class=\"elementor-element elementor-element-a7b9dc9 elementor-widget elementor-widget-text-editor\" data-id=\"a7b9dc9\" data-element_type=\"widget\" data-widget_type=\"text-editor.default\">\n\t\t\t\t\t\t\t\t\t<div class=\"kb-row-layout-wrap kb-row-layout-id31_8c299d-7d alignnone programm wp-block-kadence-rowlayout\"><div class=\"kt-row-column-wrap kt-has-2-columns kt-row-layout-right-golden kt-tab-layout-right-golden kt-mobile-layout-row kt-row-valign-top\"><div class=\"wp-block-kadence-column kadence-column31_9cac9c-31 kb-section-dir-vertical\"><div class=\"kt-inside-inner-col\"><p class=\"programm has--font-size\">Zimmerkontingente sind unter dem Kennwort \u201aBIC\u2018 in folgendem Hotel reserviert:\u00a0<a href=\"http:\/\/www.strandhotel-berg.de\/\" data-type=\"link\" data-id=\"www.strandhotel-berg.de\">Strandhotel Berg<\/a><\/p><\/div><\/div><\/div><\/div>\t\t\t\t\t\t\t\t<\/div>\n\t\t\t\t<\/div>\n\t\t\t\t<\/div>\n\t\t<div class=\"elementor-element elementor-element-87af0d8 e-con-full e-flex e-con e-child\" data-id=\"87af0d8\" data-element_type=\"container\">\n\t\t<div class=\"elementor-element elementor-element-32b73e2 e-con-full e-flex e-con e-child\" data-id=\"32b73e2\" data-element_type=\"container\">\n\t\t\t\t<div class=\"elementor-element elementor-element-0683796 elementor-widget elementor-widget-text-editor\" data-id=\"0683796\" data-element_type=\"widget\" data-widget_type=\"text-editor.default\">\n\t\t\t\t\t\t\t\t\t<div class=\"kb-row-layout-wrap kb-row-layout-id31_79775c-48 alignnone programm wp-block-kadence-rowlayout\"><div class=\"kt-row-column-wrap kt-has-2-columns kt-row-layout-right-golden kt-tab-layout-right-golden kt-mobile-layout-row kt-row-valign-top\"><div class=\"wp-block-kadence-column kadence-column31_93c381-0c\"><div class=\"kt-inside-inner-col\"><p><strong>Dresscode<\/strong><\/p><\/div><\/div><\/div><\/div>\t\t\t\t\t\t\t\t<\/div>\n\t\t\t\t<\/div>\n\t\t<div class=\"elementor-element elementor-element-9a174b5 e-con-full e-flex e-con e-child\" data-id=\"9a174b5\" data-element_type=\"container\">\n\t\t\t\t<div class=\"elementor-element elementor-element-da33c68 elementor-widget elementor-widget-text-editor\" data-id=\"da33c68\" data-element_type=\"widget\" data-widget_type=\"text-editor.default\">\n\t\t\t\t\t\t\t\t\t<div class=\"kb-row-layout-wrap kb-row-layout-id31_79775c-48 alignnone programm wp-block-kadence-rowlayout\"><div class=\"kt-row-column-wrap kt-has-2-columns kt-row-layout-right-golden kt-tab-layout-right-golden kt-mobile-layout-row kt-row-valign-top\"><div class=\"wp-block-kadence-column kadence-column31_492d7b-ec kb-section-dir-vertical\"><div class=\"kt-inside-inner-col\"><p class=\"kt-adv-heading31_4c7fa3-62 programm wp-block-kadence-advancedheading\" data-kb-block=\"kb-adv-heading31_4c7fa3-62\">Smart Casual<\/p><\/div><p data-kb-block=\"kb-adv-heading31_4c7fa3-62\">Hiermit m\u00f6chte ich mich f\u00fcr den Berger Innovation Circle anmelden:<\/p><\/div><\/div><\/div>\t\t\t\t\t\t\t\t<\/div>\n\t\t\t\t<div class=\"elementor-element elementor-element-7f7cf3a elementor-widget__width-initial elementor-button-align-stretch elementor-widget elementor-widget-form\" data-id=\"7f7cf3a\" data-element_type=\"widget\" data-settings=\"{&quot;step_next_label&quot;:&quot;N\\u00e4chster&quot;,&quot;step_previous_label&quot;:&quot;Voriger&quot;,&quot;button_width&quot;:&quot;100&quot;,&quot;step_type&quot;:&quot;number_text&quot;,&quot;step_icon_shape&quot;:&quot;circle&quot;}\" data-widget_type=\"form.default\">\n\t\t\t\t\t\t\t<form class=\"elementor-form\" method=\"post\" name=\"BIC Formular\" aria-label=\"BIC Formular\">\n\t\t\t<input type=\"hidden\" name=\"post_id\" value=\"634\"\/>\n\t\t\t<input type=\"hidden\" name=\"form_id\" value=\"7f7cf3a\"\/>\n\t\t\t<input type=\"hidden\" name=\"referer_title\" value=\"\" \/>\n\n\t\t\t\t\t\t\t<input type=\"hidden\" name=\"queried_id\" value=\"634\"\/>\n\t\t\t\n\t\t\t<div class=\"elementor-form-fields-wrapper elementor-labels-\">\n\t\t\t\t\t\t\t\t<div class=\"elementor-field-type-text elementor-field-group elementor-column elementor-field-group-name elementor-col-100 elementor-field-required\">\n\t\t\t\t\t\t\t\t\t\t\t\t<label for=\"form-field-name\" class=\"elementor-field-label elementor-screen-only\">\n\t\t\t\t\t\t\t\tVorname\t\t\t\t\t\t\t<\/label>\n\t\t\t\t\t\t\t\t\t\t\t\t\t\t<input size=\"1\" type=\"text\" name=\"form_fields[name]\" id=\"form-field-name\" class=\"elementor-field elementor-size-md  elementor-field-textual\" placeholder=\"Vorname\" required=\"required\">\n\t\t\t\t\t\t\t\t\t\t\t<\/div>\n\t\t\t\t\t\t\t\t<div class=\"elementor-field-type-text elementor-field-group elementor-column elementor-field-group-field_ccb6a1f elementor-col-100 elementor-field-required\">\n\t\t\t\t\t\t\t\t\t\t\t\t<label for=\"form-field-field_ccb6a1f\" class=\"elementor-field-label elementor-screen-only\">\n\t\t\t\t\t\t\t\tNachname\t\t\t\t\t\t\t<\/label>\n\t\t\t\t\t\t\t\t\t\t\t\t\t\t<input size=\"1\" type=\"text\" name=\"form_fields[field_ccb6a1f]\" id=\"form-field-field_ccb6a1f\" class=\"elementor-field elementor-size-md  elementor-field-textual\" placeholder=\"Nachname\" required=\"required\">\n\t\t\t\t\t\t\t\t\t\t\t<\/div>\n\t\t\t\t\t\t\t\t<div class=\"elementor-field-type-email elementor-field-group elementor-column elementor-field-group-email elementor-col-100 elementor-field-required\">\n\t\t\t\t\t\t\t\t\t\t\t\t<label for=\"form-field-email\" class=\"elementor-field-label elementor-screen-only\">\n\t\t\t\t\t\t\t\tE-Mail\t\t\t\t\t\t\t<\/label>\n\t\t\t\t\t\t\t\t\t\t\t\t\t\t<input size=\"1\" type=\"email\" name=\"form_fields[email]\" id=\"form-field-email\" class=\"elementor-field elementor-size-md  elementor-field-textual\" placeholder=\"E-Mail\" required=\"required\">\n\t\t\t\t\t\t\t\t\t\t\t<\/div>\n\t\t\t\t\t\t\t\t<div class=\"elementor-field-type-text elementor-field-group elementor-column elementor-field-group-field_2f6a375 elementor-col-100 elementor-field-required\">\n\t\t\t\t\t\t\t\t\t\t\t\t<label for=\"form-field-field_2f6a375\" class=\"elementor-field-label elementor-screen-only\">\n\t\t\t\t\t\t\t\tUnternehmen\t\t\t\t\t\t\t<\/label>\n\t\t\t\t\t\t\t\t\t\t\t\t\t\t<input size=\"1\" type=\"text\" name=\"form_fields[field_2f6a375]\" id=\"form-field-field_2f6a375\" class=\"elementor-field elementor-size-md  elementor-field-textual\" placeholder=\"Unternehmen\" required=\"required\">\n\t\t\t\t\t\t\t\t\t\t\t<\/div>\n\t\t\t\t\t\t\t\t<div class=\"elementor-field-type-text elementor-field-group elementor-column elementor-field-group-field_15e61ae elementor-col-100 elementor-field-required\">\n\t\t\t\t\t\t\t\t\t\t\t\t<label for=\"form-field-field_15e61ae\" class=\"elementor-field-label elementor-screen-only\">\n\t\t\t\t\t\t\t\tIch komme mit X Personen\t\t\t\t\t\t\t<\/label>\n\t\t\t\t\t\t\t\t\t\t\t\t\t\t<input size=\"1\" type=\"text\" name=\"form_fields[field_15e61ae]\" id=\"form-field-field_15e61ae\" class=\"elementor-field elementor-size-md  elementor-field-textual\" placeholder=\"Ich komme mit X Personen\" required=\"required\">\n\t\t\t\t\t\t\t\t\t\t\t<\/div>\n\t\t\t\t\t\t\t\t<div class=\"elementor-field-type-textarea elementor-field-group elementor-column elementor-field-group-message elementor-col-100\">\n\t\t\t\t\t\t\t\t\t\t\t\t<label for=\"form-field-message\" class=\"elementor-field-label elementor-screen-only\">\n\t\t\t\t\t\t\t\tBemerkung\t\t\t\t\t\t\t<\/label>\n\t\t\t\t\t\t<textarea class=\"elementor-field-textual elementor-field  elementor-size-md\" name=\"form_fields[message]\" id=\"form-field-message\" rows=\"4\" placeholder=\"Bemerkung\"><\/textarea>\t\t\t\t<\/div>\n\t\t\t\t\t\t\t\t<div class=\"elementor-field-group elementor-column elementor-field-type-submit elementor-col-100 e-form__buttons\">\n\t\t\t\t\t<button class=\"elementor-button elementor-size-sm\" type=\"submit\">\n\t\t\t\t\t\t<span class=\"elementor-button-content-wrapper\">\n\t\t\t\t\t\t\t\t\t\t\t\t\t\t\t\t\t\t\t\t\t\t<span class=\"elementor-button-text\">Senden<\/span>\n\t\t\t\t\t\t\t\t\t\t\t\t\t<\/span>\n\t\t\t\t\t<\/button>\n\t\t\t\t<\/div>\n\t\t\t<\/div>\n\t\t<\/form>\n\t\t\t\t\t\t<\/div>\n\t\t\t\t<\/div>\n\t\t\t\t<\/div>\n\t\t\t\t<\/div>\n\t\t\t\t\t<\/div>\n\t\t\t\t<\/div>\n\t\t<div class=\"elementor-element elementor-element-1f3fa1a e-con-full e-flex e-con e-parent\" data-id=\"1f3fa1a\" data-element_type=\"container\" data-settings=\"{&quot;background_background&quot;:&quot;classic&quot;}\">\n\t\t<div class=\"elementor-element elementor-element-1ab08a0 e-con-full e-flex e-con e-child\" data-id=\"1ab08a0\" data-element_type=\"container\">\n\t\t\t\t<div class=\"elementor-element elementor-element-123cbab elementor-widget-tablet__width-initial elementor-widget elementor-widget-text-editor\" data-id=\"123cbab\" data-element_type=\"widget\" data-widget_type=\"text-editor.default\">\n\t\t\t\t\t\t\t\t\t<p><strong>\u00a92025 Berger Innovation Circle<\/strong><br \/>Eine Kooperation von Capital Partners, Bright Places, Speed U Up, Yearning Communications, Thoesch, Pioneers Factory<\/p>\t\t\t\t\t\t\t\t<\/div>\n\t\t\t\t<\/div>\n\t\t<div class=\"elementor-element elementor-element-0f8aa41 e-con-full e-flex e-con e-child\" data-id=\"0f8aa41\" data-element_type=\"container\">\n\t\t\t\t<div class=\"elementor-element elementor-element-d75a546 elementor-nav-menu__text-align-center elementor-nav-menu--dropdown-tablet elementor-widget elementor-widget-nav-menu\" data-id=\"d75a546\" data-element_type=\"widget\" data-settings=\"{&quot;layout&quot;:&quot;vertical&quot;,&quot;submenu_icon&quot;:{&quot;value&quot;:&quot;&lt;svg aria-hidden=\\&quot;true\\&quot; class=\\&quot;e-font-icon-svg e-fas-caret-down\\&quot; viewBox=\\&quot;0 0 320 512\\&quot; xmlns=\\&quot;http:\\\/\\\/www.w3.org\\\/2000\\\/svg\\&quot;&gt;&lt;path d=\\&quot;M31.3 192h257.3c17.8 0 26.7 21.5 14.1 34.1L174.1 354.8c-7.8 7.8-20.5 7.8-28.3 0L17.2 226.1C4.6 213.5 13.5 192 31.3 192z\\&quot;&gt;&lt;\\\/path&gt;&lt;\\\/svg&gt;&quot;,&quot;library&quot;:&quot;fa-solid&quot;}}\" data-widget_type=\"nav-menu.default\">\n\t\t\t\t\t\t\t\t<nav aria-label=\"Men\u00fc\" class=\"elementor-nav-menu--main elementor-nav-menu__container elementor-nav-menu--layout-vertical e--pointer-underline e--animation-fade\">\n\t\t\t\t<ul id=\"menu-1-d75a546\" class=\"elementor-nav-menu sm-vertical\"><li class=\"menu-item menu-item-type-post_type menu-item-object-page menu-item-149\"><a href=\"https:\/\/innovationcircle-berg.de\/?page_id=144\" class=\"elementor-item\">Impressum<\/a><\/li>\n<li class=\"menu-item menu-item-type-post_type menu-item-object-page menu-item-150\"><a href=\"https:\/\/innovationcircle-berg.de\/?page_id=146\" class=\"elementor-item\">Datenschutz<\/a><\/li>\n<\/ul>\t\t\t<\/nav>\n\t\t\t\t\t\t<nav class=\"elementor-nav-menu--dropdown elementor-nav-menu__container\" aria-hidden=\"true\">\n\t\t\t\t<ul id=\"menu-2-d75a546\" class=\"elementor-nav-menu sm-vertical\"><li class=\"menu-item menu-item-type-post_type menu-item-object-page menu-item-149\"><a href=\"https:\/\/innovationcircle-berg.de\/?page_id=144\" class=\"elementor-item\" tabindex=\"-1\">Impressum<\/a><\/li>\n<li class=\"menu-item menu-item-type-post_type menu-item-object-page menu-item-150\"><a href=\"https:\/\/innovationcircle-berg.de\/?page_id=146\" class=\"elementor-item\" tabindex=\"-1\">Datenschutz<\/a><\/li>\n<\/ul>\t\t\t<\/nav>\n\t\t\t\t\t\t<\/div>\n\t\t\t\t<\/div>\n\t\t\t\t<\/div>\n\t\t\t\t<\/div>\n\t\t","protected":false},"excerpt":{"rendered":"<p>Vortr\u00e4ge, Gespr\u00e4che &amp; Inspiration im Berger Marstall Alles ist im Wandel \u2013 das war nat\u00fcrlich schon immer so, aber das Tempo und die daraus resultierenden M\u00f6glichkeiten sind neu. Anhand von ausgesuchten Beispielen wollen wir mit Euch in die Themen Ver\u00e4nderung und Innovation, Transformation und Alteration eintauchen.\u00a0 In einem selektierten Kreis aus Freunden und Partnern treffen [&hellip;]<\/p>\n","protected":false},"author":2,"featured_media":21,"parent":0,"menu_order":0,"comment_status":"closed","ping_status":"closed","template":"elementor_canvas","meta":{"footnotes":""},"class_list":["post-634","page","type-page","status-publish","has-post-thumbnail","hentry"],"_links":{"self":[{"href":"https:\/\/innovationcircle-berg.de\/index.php?rest_route=\/wp\/v2\/pages\/634","targetHints":{"allow":["GET"]}}],"collection":[{"href":"https:\/\/innovationcircle-berg.de\/index.php?rest_route=\/wp\/v2\/pages"}],"about":[{"href":"https:\/\/innovationcircle-berg.de\/index.php?rest_route=\/wp\/v2\/types\/page"}],"author":[{"embeddable":true,"href":"https:\/\/innovationcircle-berg.de\/index.php?rest_route=\/wp\/v2\/users\/2"}],"replies":[{"embeddable":true,"href":"https:\/\/innovationcircle-berg.de\/index.php?rest_route=%2Fwp%2Fv2%2Fcomments&post=634"}],"version-history":[{"count":167,"href":"https:\/\/innovationcircle-berg.de\/index.php?rest_route=\/wp\/v2\/pages\/634\/revisions"}],"predecessor-version":[{"id":862,"href":"https:\/\/innovationcircle-berg.de\/index.php?rest_route=\/wp\/v2\/pages\/634\/revisions\/862"}],"wp:featuredmedia":[{"embeddable":true,"href":"https:\/\/innovationcircle-berg.de\/index.php?rest_route=\/wp\/v2\/media\/21"}],"wp:attachment":[{"href":"https:\/\/innovationcircle-berg.de\/index.php?rest_route=%2Fwp%2Fv2%2Fmedia&parent=634"}],"curies":[{"name":"wp","href":"https:\/\/api.w.org\/{rel}","templated":true}]}}